{"id":990,"date":"2018-06-03T10:36:40","date_gmt":"2018-06-03T08:36:40","guid":{"rendered":"https:\/\/annettezappe.de\/?page_id=990"},"modified":"2022-09-19T18:19:12","modified_gmt":"2022-09-19T16:19:12","slug":"datenschutz","status":"publish","type":"page","link":"https:\/\/annettezappe.de\/en\/kontakt\/datenschutz\/","title":{"rendered":"Privacy policy"},"content":{"rendered":"<h1>Datenschutzerkl\u00e4rung<\/h1>\n<p>Die Betreiber dieser Webseite nehmen den Schutz Ihrer pers\u00f6nlichen Daten sehr ernst. Wir behandeln Ihre personenbezogenen Daten vertraulich und verarbeiten diese stets im Einklang mit der Datenschutzgrundverordnung und den geltenden Datenschutzbestimmungen.<br \/>\nMit dieser Datenschutzerkl\u00e4rung m\u00f6chten wir den Nutzer dieser Webseite dar\u00fcber aufkl\u00e4ren, in welcher Weise, welchem Umfang und zu welchem Zweck personenbezogene Daten von uns erhoben, verarbeitet und genutzt werden. Weiterhin m\u00f6chten wir die betroffenen Nutzer \u00fcber die Ihnen zustehenden Rechte informieren.<br \/>\nObwohl wir mit zahlreichen organisatorischen und technischen Ma\u00dfnahmen die \u00dcbermittlung und Verarbeitung personenbezogener Daten bestm\u00f6glich vor Verlust und unberechtigtem Zugriff sch\u00fctzen, m\u00f6chten wir darauf hinweisen, dass die Daten\u00fcbertragung im Internet (z.B. bei der Kommunikation per E-Mail) Sicherheitsl\u00fccken aufweisen kann. Ein l\u00fcckenloser Schutz der Daten vor dem Zugriff durch Dritte ist nicht m\u00f6glich. Sie k\u00f6nnen daher alternativ auch beispielsweise auf telefonischem Wege personenbezogene Daten an uns \u00fcbermitteln.<\/p>\n<p><strong>Verantwortliche und Kontaktm\u00f6glichkeit bzgl. aller Datenschutzfragen<\/strong><\/p>\n<p>Verantwortliche im Sinne der Datenschutzgrundverordnung und der geltenden Datenschutzgesetze ist:<\/p>\n<p>Annette Zappe<br \/>\nAm Hof Stiftallmey 3<br \/>\n87439 Kempten<\/p>\n<p>+49 (0) 831 \u2013 520 69 00<\/p>\n<p><img loading=\"lazy\" decoding=\"async\" class=\"alignnone size-full wp-image-133\" src=\"https:\/\/annettezappe.de\/wp-content\/uploads\/mail.gif\" alt=\"mail\" width=\"146\" height=\"18\" \/><br \/>\nwww.annettezappe.de<\/p>\n<p><strong>Erhebung, Verarbeitung sowie Nutzung von personenbezogenen Daten<\/strong><\/p>\n<p>Die Nutzung unserer Webseite ist in der Regel ohne Angabe personenbezogener Daten m\u00f6glich.<br \/>\nSoweit auf unseren Seiten personenbezogene Daten (beispielsweise Name, Anschrift, Ihr Anliegen oder E-Mail-Adressen) erhoben werden, erfolgt dies, soweit m\u00f6glich, stets auf freiwilliger Basis und diese Daten werden ohne Ihre ausdr\u00fcckliche Zustimmung nicht an Dritte weitergegeben.<br \/>\nAll diese Daten erheben und nutzen wir, um mit Ihnen in Kontakt treten zu k\u00f6nnen und als notwendiges Mittel zur Erf\u00fcllung der anvisierten Gesch\u00e4ftszwecke sowie auch zu statistischen Zwecken, um unsere Internetpr\u00e4senz weiterhin zu optimieren.<\/p>\n<p><strong>Cookies<\/strong><\/p>\n<p>Diese Internetseiten setzt keine Cookies zu Statistik-, Werbe- oder Marketing-Zwecken sondern ausschlie\u00dflich f\u00fcr die Darstellung der Seite technisch notwendige Cookies. Cookies richten auf Ihrem Rechner keinen Schaden an und enthalten keine Viren. Cookies sind kleine Textdateien, die auf Ihrem Rechner abgelegt werden und die Ihr Browser speichert.<br \/>\nDie meisten der von uns verwendeten Cookies sind so genannte \u201eSession-Cookies\u201c. Sie werden nach Ende Ihres Besuchs automatisch gel\u00f6scht. Andere Cookies bleiben auf Ihrem Endger\u00e4t gespeichert, bis Sie diese l\u00f6schen. Diese Cookies erm\u00f6glichen es unserer Webseite, Ihren Browser beim n\u00e4chsten Besuch wiederzuerkennen und Sie k\u00f6nnen Ihren Browser so einstellen, dass Sie \u00fcber das Setzen von Cookies informiert werden und Cookies nur im Einzelfall erlauben, die Annahme von Cookies f\u00fcr bestimmte F\u00e4lle oder generell ausschlie\u00dfen sowie das automatische L\u00f6schen der Cookies beim Schlie\u00dfen des Browser aktivieren. Bei der Deaktivierung von Cookies kann die Funktionalit\u00e4t dieser Website eingeschr\u00e4nkt sein.<\/p>\n<p><strong>Server-Log-Files<\/strong><\/p>\n<p>Der Provider der Seiten erhebt und speichert automatisch Informationen in so genannten Server-Log Files, die Ihr Browser automatisch an uns \u00fcbermittelt. Erfasst werden k\u00f6nnen:<\/p>\n<ul>\n<li>IP-Adresse (Internet-Protokoll-Adresse)<\/li>\n<li>Datum und Uhrzeit der Serveranfrage<\/li>\n<li>Zeitzonendifferenz zur Greenwich Mean Time (GMT)<\/li>\n<li>Inhalt der Anforderung (konkrete Seite)<\/li>\n<li>Zugriffsstatus\/HTTP-Statuscode<\/li>\n<li>jeweils \u00fcbertragene Datenmenge<\/li>\n<li>Website, von der die Anfrage kommt<\/li>\n<li>verwendeter Browsertyp\/ Browserversion<\/li>\n<li>verwendetes Betriebssystem und dessen Oberfl\u00e4che<\/li>\n<li>Sprache und Version der Browsersoftware<\/li>\n<\/ul>\n<p>Diese Daten nutzen wir nicht, um diese bestimmten Personen zuzuordnen und auch eine Zusammenf\u00fchrung dieser Daten mit anderen Datenquellen wird nicht vorgenommen. D.h. die Daten der Server-Logfiles werden komplett getrennt verwahrt von allen anderen personenbezogenen Daten, die betroffene Personen angegeben haben. Die protokollierten Logfiles werden nur f\u00fcr Zwecke statistischer Auswertungen und somit zur Optimierung des Angebotes sowie zu dessen Sicherheit verwendet. Au\u00dferdem behalten wir uns vor, diese Daten nachtr\u00e4glich zu pr\u00fcfen, wenn uns konkrete Anhaltspunkte f\u00fcr eine rechtswidrige Nutzung bekannt werden. Dann k\u00f6nnen diese Daten den Strafverfolgungsbeh\u00f6rden als zur Strafverfolgung notwendige Informationen bereitgestellt werden.<\/p>\n<p><strong>Kontaktm\u00f6glichkeit per Kontaktformular oder per Mail-Adresse<\/strong><\/p>\n<p>Gem\u00e4\u00df den gesetzlichen Vorschriften enth\u00e4lt unser Webangebot Angaben, die eine z\u00fcgige Kontaktaufnahme auf elektronischem Wege mit uns erm\u00f6glichen. Wenn Sie uns per Telefon, E-Mail oder per Kontaktformular Anfragen zukommen lassen, werden Ihre Angaben aus dem Anfrageformular inklusive der von Ihnen dort angegebenen Kontaktdaten zwecks Bearbeitung der Anfrage und f\u00fcr den Fall von Anschlussfragen bei uns gespeichert. Diese auf freiwilliger Basis \u00fcbermittelten personenbezogenen Daten geben wir nicht ohne Ihre Einwilligung an Dritte weiter.<\/p>\n<p><strong>WP Statistics<\/strong><\/p>\n<p>Wir nutzen auf dieser Webseite das WordPress-Tool \u201cPlugin WP Statistics\u201d von <a href=\"https:\/\/www.wp-statistics.com\" target=\"_blank\" rel=\"noopener\">wp-statistics.com<\/a>. Dieses Analyse-Tool erstellt allgemeine Nutzungs-Statistiken, wobei alle erhobenen Daten vollst\u00e4ndig in anonymisierter Form auf diesem Webserver gespeichert werden. D.h. dass keine pers\u00f6nliche Identifizierung und somit auch keine pers\u00f6nlichen Nutzerprofile m\u00f6glich sind. Weiterhin werden auch keinerlei Daten an Dritte weitergegeben.<\/p>\n<p><strong>L\u00f6schung von personenbezogenen Daten<\/strong><\/p>\n<p>Wir speichern Ihre personenbezogene Daten solange dies f\u00fcr die Erreichung des Speicherungszwecks erforderlich ist und es den gesetzlichen Vorschriften und Bestimmungen entspricht. Entfallen diese Bedingungen, werden die Daten routinem\u00e4\u00dfig und den gesetzlichen Vorschriften entsprechend gel\u00f6scht.<\/p>\n<p><strong>Rechte der betroffenen Person auf Auskunft, Berichtigung, L\u00f6schung, Sperrung sowie Daten\u00fcbertragbarkeit und Widerspruch<\/strong><\/p>\n<p>Sie haben jederzeit das Recht auf unentgeltliche Auskunft \u00fcber Ihre gespeicherten personenbezogenen Daten, deren Herkunft und Empf\u00e4nger und den Zweck der Datenverarbeitung sowie ein Recht auf Berichtigung, Sperrung oder L\u00f6schung dieser Daten oder auf Einschr\u00e4nkung der Verarbeitung. Weiterhin haben Sie das Recht, die personenbezogenen Daten, welche Sie uns bereitgestellt haben, in einem digitalen Format zu erhalten. Zudem haben Sie jederzeit das Recht gegen die Verarbeitung Sie betreffender personenbezogener Daten Widerspruch einzulegen. In einem solchen Fall vearbeiten wir Ihre Daten nicht mehr, es sei denn wir k\u00f6nnen andere zwingende und schutzw\u00fcrdige Zwecke nachweisen, die Ihre pers\u00f6nlichen Interessen und Rechten \u00fcberwiegen. Beispielsweise k\u00f6nnte die Verarbeitung der Geltendmachung und Aus\u00fcbung von Rechtsanspr\u00fcchen dienen oder aber sie liegt im \u00f6ffentlchen Interesse. Hierzu sowie zu weiteren Fragen zum Thema Ihrer personenbezogene Daten k\u00f6nnen Sie sich jederzeit unter der oben genannten Adresse des Verantwortlichen an uns wenden.<\/p>\n<p>Quelle bis hierhin: <a href=\"https:\/\/www.e-recht24.de\/muster-datenschutzerklaerung.html\" target=\"_blank\" rel=\"noopener\">eRecht24<\/a> (in eigenst\u00e4ndig \u00fcberarbeiteter Fassung)<\/p>\n<p><strong>\u00c4nderungen unserer Datenschutzerkl\u00e4rung<\/strong><\/p>\n<p>Wir m\u00f6chten darauf hinweisen, dass wir unsere Datenschutzerkl\u00e4rung kontinuierlich \u00e4ndern und anpassen &#8211; beispielsweise hinsichtlich neuer Rechtsgrundlagen oder bei \u00c4nderungen technischen Anwendungen in unserem Webauftritt. Wir bitten daher unsere Seitenbesucher, sich regelm\u00e4\u00dfig \u00fcber die Inhalte dieser Erkl\u00e4rung zu informieren.<\/p>\n<p><strong>Links<\/strong><\/p>\n<p>Sofern Sie externe Links nutzen, die im Rahmen unserer Internetseiten angeboten werden, erstreckt sich diese Datenschutzerkl\u00e4rung nicht auf diese Links. Insofern wir Links anbieten, versichern wir, dass zum Zeitpunkt der Link-Setzung keine Verst\u00f6\u00dfe gegen geltendes Recht auf den verlinkten Internetseiten erkennbar waren. Wir haben jedoch keinen Einfluss auf die Einhaltung der Datenschutz- und Sicherheitsbestimmungen durch andere Anbieter. Informieren Sie sich deshalb bitte auf den Internetseiten der anderen Anbieter auch \u00fcber die dort bereitgestellten Datenschutzerkl\u00e4rungen.<\/p>\n","protected":false},"excerpt":{"rendered":"<p>Datenschutzerkl\u00e4rung Die Betreiber dieser Webseite nehmen den Schutz Ihrer pers\u00f6nlichen Daten sehr ernst. Wir behandeln Ihre personenbezogenen Daten vertraulich und verarbeiten diese stets im Einklang mit der Datenschutzgrundverordnung und den geltenden Datenschutzbestimmungen. Mit dieser Datenschutzerkl\u00e4rung m\u00f6chten wir den Nutzer dieser Webseite dar\u00fcber aufkl\u00e4ren, in welcher Weise, welchem Umfang und zu welchem Zweck personenbezogene Daten von [&hellip;]<\/p>\n","protected":false},"author":1,"featured_media":0,"parent":16,"menu_order":0,"comment_status":"closed","ping_status":"closed","template":"","meta":{"footnotes":""},"class_list":["post-990","page","type-page","status-publish","hentry"],"translation":{"provider":"WPGlobus","version":"3.0.2","language":"en","enabled_languages":["de","en"],"languages":{"de":{"title":true,"content":true,"excerpt":false},"en":{"title":true,"content":true,"excerpt":false}}},"yoast_head":"<!-- This site is optimized with the Yoast SEO plugin v27.3 - https:\/\/yoast.com\/product\/yoast-seo-wordpress\/ -->\n<title>Privacy policy - Annette Zappe<\/title>\n<meta name=\"robots\" content=\"index, follow, max-snippet:-1, max-image-preview:large, max-video-preview:-1\" \/>\n<link rel=\"canonical\" href=\"https:\/\/annettezappe.de\/kontakt\/datenschutz\/\" \/>\n<meta property=\"og:locale\" content=\"en_US\" \/>\n<meta property=\"og:type\" content=\"article\" \/>\n<meta property=\"og:title\" content=\"Privacy policy - Annette Zappe\" \/>\n<meta property=\"og:url\" content=\"https:\/\/annettezappe.de\/kontakt\/datenschutz\/\" \/>\n<meta property=\"og:site_name\" content=\"Annette Zappe\" \/>\n<meta property=\"article:modified_time\" content=\"2022-09-19T16:19:12+00:00\" \/>\n<meta property=\"og:image\" content=\"https:\/\/annettezappe.de\/wp-content\/uploads\/mail.gif\" \/>\n<meta name=\"twitter:card\" content=\"summary_large_image\" \/>\n<meta name=\"twitter:label1\" content=\"Est. reading time\" \/>\n\t<meta name=\"twitter:data1\" content=\"6 minutes\" \/>\n<script type=\"application\/ld+json\" class=\"yoast-schema-graph\">{\"@context\":\"https:\\\/\\\/schema.org\",\"@graph\":[{\"@type\":\"WebPage\",\"@id\":\"https:\\\/\\\/annettezappe.de\\\/kontakt\\\/datenschutz\\\/\",\"url\":\"https:\\\/\\\/annettezappe.de\\\/kontakt\\\/datenschutz\\\/\",\"name\":\"Privacy policy - Annette Zappe\",\"isPartOf\":{\"@id\":\"https:\\\/\\\/annettezappe.de\\\/#website\"},\"primaryImageOfPage\":{\"@id\":\"https:\\\/\\\/annettezappe.de\\\/kontakt\\\/datenschutz\\\/#primaryimage\"},\"image\":{\"@id\":\"https:\\\/\\\/annettezappe.de\\\/kontakt\\\/datenschutz\\\/#primaryimage\"},\"thumbnailUrl\":\"https:\\\/\\\/annettezappe.de\\\/wp-content\\\/uploads\\\/mail.gif\",\"datePublished\":\"2018-06-03T08:36:40+00:00\",\"dateModified\":\"2022-09-19T16:19:12+00:00\",\"breadcrumb\":{\"@id\":\"https:\\\/\\\/annettezappe.de\\\/kontakt\\\/datenschutz\\\/#breadcrumb\"},\"inLanguage\":\"en-US\",\"potentialAction\":[{\"@type\":\"ReadAction\",\"target\":[\"https:\\\/\\\/annettezappe.de\\\/kontakt\\\/datenschutz\\\/\"]}]},{\"@type\":\"ImageObject\",\"inLanguage\":\"en-US\",\"@id\":\"https:\\\/\\\/annettezappe.de\\\/kontakt\\\/datenschutz\\\/#primaryimage\",\"url\":\"https:\\\/\\\/annettezappe.de\\\/wp-content\\\/uploads\\\/mail.gif\",\"contentUrl\":\"https:\\\/\\\/annettezappe.de\\\/wp-content\\\/uploads\\\/mail.gif\"},{\"@type\":\"BreadcrumbList\",\"@id\":\"https:\\\/\\\/annettezappe.de\\\/kontakt\\\/datenschutz\\\/#breadcrumb\",\"itemListElement\":[{\"@type\":\"ListItem\",\"position\":1,\"name\":\"Home\",\"item\":\"https:\\\/\\\/annettezappe.de\\\/\"},{\"@type\":\"ListItem\",\"position\":2,\"name\":\"Kontakt\",\"item\":\"https:\\\/\\\/annettezappe.de\\\/kontakt\\\/\"},{\"@type\":\"ListItem\",\"position\":3,\"name\":\"Datenschutz\"}]},{\"@type\":\"WebSite\",\"@id\":\"https:\\\/\\\/annettezappe.de\\\/#website\",\"url\":\"https:\\\/\\\/annettezappe.de\\\/\",\"name\":\"Annette Zappe\",\"description\":\"\",\"potentialAction\":[{\"@type\":\"SearchAction\",\"target\":{\"@type\":\"EntryPoint\",\"urlTemplate\":\"https:\\\/\\\/annettezappe.de\\\/?s={search_term_string}\"},\"query-input\":{\"@type\":\"PropertyValueSpecification\",\"valueRequired\":true,\"valueName\":\"search_term_string\"}}],\"inLanguage\":\"en-US\"}]}<\/script>\n<!-- \/ Yoast SEO plugin. -->","yoast_head_json":{"title":"Privacy policy - Annette Zappe","robots":{"index":"index","follow":"follow","max-snippet":"max-snippet:-1","max-image-preview":"max-image-preview:large","max-video-preview":"max-video-preview:-1"},"canonical":"https:\/\/annettezappe.de\/kontakt\/datenschutz\/","og_locale":"en_US","og_type":"article","og_title":"Privacy policy - Annette Zappe","og_url":"https:\/\/annettezappe.de\/kontakt\/datenschutz\/","og_site_name":"Annette Zappe","article_modified_time":"2022-09-19T16:19:12+00:00","og_image":[{"url":"https:\/\/annettezappe.de\/wp-content\/uploads\/mail.gif","type":"","width":"","height":""}],"twitter_card":"summary_large_image","twitter_misc":{"Est. reading time":"6 minutes"},"schema":{"@context":"https:\/\/schema.org","@graph":[{"@type":"WebPage","@id":"https:\/\/annettezappe.de\/kontakt\/datenschutz\/","url":"https:\/\/annettezappe.de\/kontakt\/datenschutz\/","name":"Privacy policy - Annette Zappe","isPartOf":{"@id":"https:\/\/annettezappe.de\/#website"},"primaryImageOfPage":{"@id":"https:\/\/annettezappe.de\/kontakt\/datenschutz\/#primaryimage"},"image":{"@id":"https:\/\/annettezappe.de\/kontakt\/datenschutz\/#primaryimage"},"thumbnailUrl":"https:\/\/annettezappe.de\/wp-content\/uploads\/mail.gif","datePublished":"2018-06-03T08:36:40+00:00","dateModified":"2022-09-19T16:19:12+00:00","breadcrumb":{"@id":"https:\/\/annettezappe.de\/kontakt\/datenschutz\/#breadcrumb"},"inLanguage":"en-US","potentialAction":[{"@type":"ReadAction","target":["https:\/\/annettezappe.de\/kontakt\/datenschutz\/"]}]},{"@type":"ImageObject","inLanguage":"en-US","@id":"https:\/\/annettezappe.de\/kontakt\/datenschutz\/#primaryimage","url":"https:\/\/annettezappe.de\/wp-content\/uploads\/mail.gif","contentUrl":"https:\/\/annettezappe.de\/wp-content\/uploads\/mail.gif"},{"@type":"BreadcrumbList","@id":"https:\/\/annettezappe.de\/kontakt\/datenschutz\/#breadcrumb","itemListElement":[{"@type":"ListItem","position":1,"name":"Home","item":"https:\/\/annettezappe.de\/"},{"@type":"ListItem","position":2,"name":"Kontakt","item":"https:\/\/annettezappe.de\/kontakt\/"},{"@type":"ListItem","position":3,"name":"Datenschutz"}]},{"@type":"WebSite","@id":"https:\/\/annettezappe.de\/#website","url":"https:\/\/annettezappe.de\/","name":"Annette Zappe","description":"","potentialAction":[{"@type":"SearchAction","target":{"@type":"EntryPoint","urlTemplate":"https:\/\/annettezappe.de\/?s={search_term_string}"},"query-input":{"@type":"PropertyValueSpecification","valueRequired":true,"valueName":"search_term_string"}}],"inLanguage":"en-US"}]}},"_links":{"self":[{"href":"https:\/\/annettezappe.de\/en\/wp-json\/wp\/v2\/pages\/990","targetHints":{"allow":["GET"]}}],"collection":[{"href":"https:\/\/annettezappe.de\/en\/wp-json\/wp\/v2\/pages"}],"about":[{"href":"https:\/\/annettezappe.de\/en\/wp-json\/wp\/v2\/types\/page"}],"author":[{"embeddable":true,"href":"https:\/\/annettezappe.de\/en\/wp-json\/wp\/v2\/users\/1"}],"replies":[{"embeddable":true,"href":"https:\/\/annettezappe.de\/en\/wp-json\/wp\/v2\/comments?post=990"}],"version-history":[{"count":3,"href":"https:\/\/annettezappe.de\/en\/wp-json\/wp\/v2\/pages\/990\/revisions"}],"predecessor-version":[{"id":2951,"href":"https:\/\/annettezappe.de\/en\/wp-json\/wp\/v2\/pages\/990\/revisions\/2951"}],"up":[{"embeddable":true,"href":"https:\/\/annettezappe.de\/en\/wp-json\/wp\/v2\/pages\/16"}],"wp:attachment":[{"href":"https:\/\/annettezappe.de\/en\/wp-json\/wp\/v2\/media?parent=990"}],"curies":[{"name":"wp","href":"https:\/\/api.w.org\/{rel}","templated":true}]}}