{"id":49,"date":"2015-07-03T21:16:31","date_gmt":"2015-07-03T19:16:31","guid":{"rendered":"https:\/\/annettezappe.de\/?page_id=49"},"modified":"2024-01-14T15:12:52","modified_gmt":"2024-01-14T14:12:52","slug":"fliegen","status":"publish","type":"page","link":"https:\/\/annettezappe.de\/en\/skulpturen\/fliegen\/","title":{"rendered":"About Flying"},"content":{"rendered":"\n\t\t<style type=\"text\/css\">\n\t\t\t#gallery-1 {\n\t\t\t\tmargin: auto;\n\t\t\t}\n\t\t\t#gallery-1 .gallery-item {\n\t\t\t\tfloat: left;\n\t\t\t\tmargin-top: 10px;\n\t\t\t\ttext-align: center;\n\t\t\t\twidth: 25%;\n\t\t\t}\n\t\t\t#gallery-1 img {\n\t\t\t\tborder: 2px solid #cfcfcf;\n\t\t\t}\n\t\t\t#gallery-1 .gallery-caption {\n\t\t\t\tmargin-left: 0;\n\t\t\t}\n\t\t\t\/* see gallery_shortcode() in wp-includes\/media.php *\/\n\t\t<\/style>\n\t\t<div data-carousel-extra='{\"blog_id\":1,\"permalink\":\"https:\\\/\\\/annettezappe.de\\\/en\\\/skulpturen\\\/fliegen\\\/\",\"likes_blog_id\":false}' id='gallery-1' class='gallery galleryid-49 gallery-columns-4 gallery-size-thumbnail'><dl class='gallery-item'>\n\t\t\t<dt class='gallery-icon landscape'>\n\t\t\t\t<a href='https:\/\/annettezappe.de\/en\/skulpturen\/fliegen\/nordwa%cc%88rts\/'><img loading=\"lazy\" decoding=\"async\" width=\"128\" height=\"128\" src=\"https:\/\/annettezappe.de\/wp-content\/uploads\/Nordwa\u0308rts-e1575668230616-128x128.jpg\" class=\"attachment-thumbnail size-thumbnail\" alt=\"\" aria-describedby=\"gallery-1-1416\" data-attachment-id=\"1416\" data-orig-file=\"https:\/\/annettezappe.de\/wp-content\/uploads\/Nordwa\u0308rts.jpg\" data-orig-size=\"900,600\" data-comments-opened=\"0\" data-image-meta=\"{&quot;aperture&quot;:&quot;0&quot;,&quot;credit&quot;:&quot;&quot;,&quot;camera&quot;:&quot;&quot;,&quot;caption&quot;:&quot;&quot;,&quot;created_timestamp&quot;:&quot;0&quot;,&quot;copyright&quot;:&quot;&quot;,&quot;focal_length&quot;:&quot;0&quot;,&quot;iso&quot;:&quot;0&quot;,&quot;shutter_speed&quot;:&quot;0&quot;,&quot;title&quot;:&quot;&quot;,&quot;orientation&quot;:&quot;1&quot;,&quot;keywords&quot;:&quot;Array&quot;}\" data-image-title=\"Nordwa\u0308rts\" data-image-description=\"\" data-medium-file=\"https:\/\/annettezappe.de\/wp-content\/uploads\/Nordwa\u0308rts-300x200.jpg\" data-large-file=\"https:\/\/annettezappe.de\/wp-content\/uploads\/Nordwa\u0308rts.jpg\" \/><\/a>\n\t\t\t<\/dt>\n\t\t\t\t<dd class='wp-caption-text gallery-caption' id='gallery-1-1416'>\n\t\t\t\tNordw\u00e4rts &#8211; oder: Mit den Wildg\u00e4nsen &nbsp;&nbsp;&nbsp;|&nbsp;&nbsp;&nbsp; Bronze &nbsp;&nbsp;&nbsp;|&nbsp;&nbsp;&nbsp; 9,5 x 4 x 4 cm\n\t\t\t\t<\/dd><\/dl><dl class='gallery-item'>\n\t\t\t<dt class='gallery-icon landscape'>\n\t\t\t\t<a href='https:\/\/annettezappe.de\/en\/skulpturen\/fliegen\/u%cc%88berflieger\/'><img loading=\"lazy\" decoding=\"async\" width=\"128\" height=\"128\" src=\"https:\/\/annettezappe.de\/wp-content\/uploads\/U\u0308berflieger-e1575667479863-128x128.jpg\" class=\"attachment-thumbnail size-thumbnail\" alt=\"\" aria-describedby=\"gallery-1-1412\" data-attachment-id=\"1412\" data-orig-file=\"https:\/\/annettezappe.de\/wp-content\/uploads\/U\u0308berflieger.jpg\" data-orig-size=\"900,600\" data-comments-opened=\"0\" data-image-meta=\"{&quot;aperture&quot;:&quot;0&quot;,&quot;credit&quot;:&quot;&quot;,&quot;camera&quot;:&quot;&quot;,&quot;caption&quot;:&quot;&quot;,&quot;created_timestamp&quot;:&quot;0&quot;,&quot;copyright&quot;:&quot;&quot;,&quot;focal_length&quot;:&quot;0&quot;,&quot;iso&quot;:&quot;0&quot;,&quot;shutter_speed&quot;:&quot;0&quot;,&quot;title&quot;:&quot;&quot;,&quot;orientation&quot;:&quot;1&quot;,&quot;keywords&quot;:&quot;Array&quot;}\" data-image-title=\"U\u0308berflieger\" data-image-description=\"\" data-medium-file=\"https:\/\/annettezappe.de\/wp-content\/uploads\/U\u0308berflieger-300x200.jpg\" data-large-file=\"https:\/\/annettezappe.de\/wp-content\/uploads\/U\u0308berflieger.jpg\" \/><\/a>\n\t\t\t<\/dt>\n\t\t\t\t<dd class='wp-caption-text gallery-caption' id='gallery-1-1412'>\n\t\t\t\t\u00dcberflieger &nbsp;&nbsp;&nbsp;|&nbsp;&nbsp;&nbsp; Bronze &nbsp;&nbsp;&nbsp;|&nbsp;&nbsp;&nbsp; 18 x 33 x 4 cm\n\t\t\t\t<\/dd><\/dl><dl class='gallery-item'>\n\t\t\t<dt class='gallery-icon landscape'>\n\t\t\t\t<a href='https:\/\/annettezappe.de\/en\/skulpturen\/fliegen\/traumta%cc%88nzer\/'><img loading=\"lazy\" decoding=\"async\" width=\"128\" height=\"128\" src=\"https:\/\/annettezappe.de\/wp-content\/uploads\/Traumta\u0308nzer-e1575667290784-128x128.jpg\" class=\"attachment-thumbnail size-thumbnail\" alt=\"\" aria-describedby=\"gallery-1-1410\" data-attachment-id=\"1410\" data-orig-file=\"https:\/\/annettezappe.de\/wp-content\/uploads\/Traumta\u0308nzer.jpg\" data-orig-size=\"900,600\" data-comments-opened=\"0\" data-image-meta=\"{&quot;aperture&quot;:&quot;0&quot;,&quot;credit&quot;:&quot;&quot;,&quot;camera&quot;:&quot;&quot;,&quot;caption&quot;:&quot;&quot;,&quot;created_timestamp&quot;:&quot;0&quot;,&quot;copyright&quot;:&quot;&quot;,&quot;focal_length&quot;:&quot;0&quot;,&quot;iso&quot;:&quot;0&quot;,&quot;shutter_speed&quot;:&quot;0&quot;,&quot;title&quot;:&quot;&quot;,&quot;orientation&quot;:&quot;1&quot;,&quot;keywords&quot;:&quot;Array&quot;}\" data-image-title=\"Traumta\u0308nzer\" data-image-description=\"\" data-medium-file=\"https:\/\/annettezappe.de\/wp-content\/uploads\/Traumta\u0308nzer-300x200.jpg\" data-large-file=\"https:\/\/annettezappe.de\/wp-content\/uploads\/Traumta\u0308nzer.jpg\" \/><\/a>\n\t\t\t<\/dt>\n\t\t\t\t<dd class='wp-caption-text gallery-caption' id='gallery-1-1410'>\n\t\t\t\tTraumt\u00e4nzer &nbsp;&nbsp;&nbsp;|&nbsp;&nbsp;&nbsp; Bronze &nbsp;&nbsp;&nbsp;|&nbsp;&nbsp;&nbsp;  18 x 13,5 x 30 cm\n\t\t\t\t<\/dd><\/dl><dl class='gallery-item'>\n\t\t\t<dt class='gallery-icon landscape'>\n\t\t\t\t<a href='https:\/\/annettezappe.de\/en\/skulpturen\/fliegen\/_dsc0312\/'><img loading=\"lazy\" decoding=\"async\" width=\"128\" height=\"128\" src=\"https:\/\/annettezappe.de\/wp-content\/uploads\/DSC0312-e1575667700447-128x128.jpg\" class=\"attachment-thumbnail size-thumbnail\" alt=\"\" aria-describedby=\"gallery-1-1414\" data-attachment-id=\"1414\" data-orig-file=\"https:\/\/annettezappe.de\/wp-content\/uploads\/DSC0312.jpg\" data-orig-size=\"900,600\" data-comments-opened=\"0\" data-image-meta=\"{&quot;aperture&quot;:&quot;0&quot;,&quot;credit&quot;:&quot;&quot;,&quot;camera&quot;:&quot;&quot;,&quot;caption&quot;:&quot;&quot;,&quot;created_timestamp&quot;:&quot;0&quot;,&quot;copyright&quot;:&quot;&quot;,&quot;focal_length&quot;:&quot;0&quot;,&quot;iso&quot;:&quot;0&quot;,&quot;shutter_speed&quot;:&quot;0&quot;,&quot;title&quot;:&quot;&quot;,&quot;orientation&quot;:&quot;1&quot;,&quot;keywords&quot;:&quot;Array&quot;}\" data-image-title=\"_DSC0312\" data-image-description=\"\" data-medium-file=\"https:\/\/annettezappe.de\/wp-content\/uploads\/DSC0312-300x200.jpg\" data-large-file=\"https:\/\/annettezappe.de\/wp-content\/uploads\/DSC0312.jpg\" \/><\/a>\n\t\t\t<\/dt>\n\t\t\t\t<dd class='wp-caption-text gallery-caption' id='gallery-1-1414'>\n\t\t\t\tFallender &nbsp;&nbsp;&nbsp;|&nbsp;&nbsp;&nbsp; Bronze, Eiche &nbsp;&nbsp;&nbsp;|&nbsp;&nbsp;&nbsp;  45 x 13 x 18 cm\n\t\t\t\t<\/dd><\/dl><br style=\"clear: both\" \/><dl class='gallery-item'>\n\t\t\t<dt class='gallery-icon landscape'>\n\t\t\t\t<a href='https:\/\/annettezappe.de\/en\/skulpturen\/fliegen\/flu%cc%88gel\/'><img loading=\"lazy\" decoding=\"async\" width=\"128\" height=\"128\" src=\"https:\/\/annettezappe.de\/wp-content\/uploads\/Flu\u0308gel-e1575667132449-128x128.jpg\" class=\"attachment-thumbnail size-thumbnail\" alt=\"\" aria-describedby=\"gallery-1-1407\" data-attachment-id=\"1407\" data-orig-file=\"https:\/\/annettezappe.de\/wp-content\/uploads\/Flu\u0308gel.jpg\" data-orig-size=\"900,600\" data-comments-opened=\"0\" data-image-meta=\"{&quot;aperture&quot;:&quot;0&quot;,&quot;credit&quot;:&quot;&quot;,&quot;camera&quot;:&quot;&quot;,&quot;caption&quot;:&quot;&quot;,&quot;created_timestamp&quot;:&quot;0&quot;,&quot;copyright&quot;:&quot;&quot;,&quot;focal_length&quot;:&quot;0&quot;,&quot;iso&quot;:&quot;0&quot;,&quot;shutter_speed&quot;:&quot;0&quot;,&quot;title&quot;:&quot;&quot;,&quot;orientation&quot;:&quot;1&quot;,&quot;keywords&quot;:&quot;Array&quot;}\" data-image-title=\"Flu\u0308gel\" data-image-description=\"\" data-medium-file=\"https:\/\/annettezappe.de\/wp-content\/uploads\/Flu\u0308gel-300x200.jpg\" data-large-file=\"https:\/\/annettezappe.de\/wp-content\/uploads\/Flu\u0308gel.jpg\" \/><\/a>\n\t\t\t<\/dt>\n\t\t\t\t<dd class='wp-caption-text gallery-caption' id='gallery-1-1407'>\n\t\t\t\tFl\u00fcgel f\u00fcr die Seele &nbsp;&nbsp;&nbsp;|&nbsp;&nbsp;&nbsp; Bronze &nbsp;&nbsp;&nbsp;|&nbsp;&nbsp;&nbsp;  26 x 24 x 6 cm\n\t\t\t\t<\/dd><\/dl><dl class='gallery-item'>\n\t\t\t<dt class='gallery-icon landscape'>\n\t\t\t\t<a href='https:\/\/annettezappe.de\/en\/skulpturen\/fliegen\/dsc_1344-2\/'><img loading=\"lazy\" decoding=\"async\" width=\"128\" height=\"128\" src=\"https:\/\/annettezappe.de\/wp-content\/uploads\/DSC_1344-1-e1575666799557-128x128.jpg\" class=\"attachment-thumbnail size-thumbnail\" alt=\"\" aria-describedby=\"gallery-1-1404\" data-attachment-id=\"1404\" data-orig-file=\"https:\/\/annettezappe.de\/wp-content\/uploads\/DSC_1344-1.jpg\" data-orig-size=\"900,600\" data-comments-opened=\"0\" data-image-meta=\"{&quot;aperture&quot;:&quot;0&quot;,&quot;credit&quot;:&quot;&quot;,&quot;camera&quot;:&quot;&quot;,&quot;caption&quot;:&quot;&quot;,&quot;created_timestamp&quot;:&quot;0&quot;,&quot;copyright&quot;:&quot;&quot;,&quot;focal_length&quot;:&quot;0&quot;,&quot;iso&quot;:&quot;0&quot;,&quot;shutter_speed&quot;:&quot;0&quot;,&quot;title&quot;:&quot;&quot;,&quot;orientation&quot;:&quot;1&quot;,&quot;keywords&quot;:&quot;Array&quot;}\" data-image-title=\"DSC_1344\" data-image-description=\"\" data-medium-file=\"https:\/\/annettezappe.de\/wp-content\/uploads\/DSC_1344-1-300x200.jpg\" data-large-file=\"https:\/\/annettezappe.de\/wp-content\/uploads\/DSC_1344-1.jpg\" \/><\/a>\n\t\t\t<\/dt>\n\t\t\t\t<dd class='wp-caption-text gallery-caption' id='gallery-1-1404'>\n\t\t\t\tT\u00e4nzerin &nbsp;&nbsp;&nbsp;|&nbsp;&nbsp;&nbsp; Bronze &nbsp;&nbsp;&nbsp;|&nbsp;&nbsp;&nbsp; 20,5 x 24 x 10 cm\n\t\t\t\t<\/dd><\/dl>\n\t\t\t<br style='clear: both' \/>\n\t\t<\/div>\n\n","protected":false},"excerpt":{"rendered":"","protected":false},"author":1,"featured_media":0,"parent":6,"menu_order":4,"comment_status":"closed","ping_status":"closed","template":"","meta":{"footnotes":""},"class_list":["post-49","page","type-page","status-publish","hentry"],"translation":{"provider":"WPGlobus","version":"3.0.2","language":"en","enabled_languages":["de","en"],"languages":{"de":{"title":true,"content":true,"excerpt":false},"en":{"title":true,"content":false,"excerpt":false}}},"yoast_head":"<!-- This site is optimized with the Yoast SEO plugin v27.3 - https:\/\/yoast.com\/product\/yoast-seo-wordpress\/ -->\n<title>Bildhauerin K\u00fcnstlerin Kempten Allg\u00e4u Bronzefiguren fig\u00fcrlich<\/title>\n<meta name=\"robots\" content=\"index, follow, max-snippet:-1, max-image-preview:large, max-video-preview:-1\" \/>\n<link rel=\"canonical\" href=\"https:\/\/annettezappe.de\/skulpturen\/fliegen\/\" \/>\n<meta property=\"og:locale\" content=\"en_US\" \/>\n<meta property=\"og:type\" content=\"article\" \/>\n<meta property=\"og:title\" content=\"About Flying - Annette Zappe\" \/>\n<meta property=\"og:url\" content=\"https:\/\/annettezappe.de\/skulpturen\/fliegen\/\" \/>\n<meta property=\"og:site_name\" content=\"Annette Zappe\" \/>\n<meta property=\"article:modified_time\" content=\"2024-01-14T14:12:52+00:00\" \/>\n<meta property=\"og:image\" content=\"https:\/\/annettezappe.de\/wp-content\/uploads\/Nordwa\u0308rts-e1575668230616-128x128.jpg\" \/>\n<meta name=\"twitter:card\" content=\"summary_large_image\" \/>\n<meta name=\"twitter:label1\" content=\"Est. reading time\" \/>\n\t<meta name=\"twitter:data1\" content=\"1 minute\" \/>\n<script type=\"application\/ld+json\" class=\"yoast-schema-graph\">{\"@context\":\"https:\\\/\\\/schema.org\",\"@graph\":[{\"@type\":\"WebPage\",\"@id\":\"https:\\\/\\\/annettezappe.de\\\/skulpturen\\\/fliegen\\\/\",\"url\":\"https:\\\/\\\/annettezappe.de\\\/skulpturen\\\/fliegen\\\/\",\"name\":\"Bildhauerin K\u00fcnstlerin Kempten Allg\u00e4u Bronzefiguren fig\u00fcrlich\",\"isPartOf\":{\"@id\":\"https:\\\/\\\/annettezappe.de\\\/#website\"},\"datePublished\":\"2015-07-03T19:16:31+00:00\",\"dateModified\":\"2024-01-14T14:12:52+00:00\",\"breadcrumb\":{\"@id\":\"https:\\\/\\\/annettezappe.de\\\/skulpturen\\\/fliegen\\\/#breadcrumb\"},\"inLanguage\":\"en-US\",\"potentialAction\":[{\"@type\":\"ReadAction\",\"target\":[\"https:\\\/\\\/annettezappe.de\\\/skulpturen\\\/fliegen\\\/\"]}]},{\"@type\":\"BreadcrumbList\",\"@id\":\"https:\\\/\\\/annettezappe.de\\\/skulpturen\\\/fliegen\\\/#breadcrumb\",\"itemListElement\":[{\"@type\":\"ListItem\",\"position\":1,\"name\":\"Home\",\"item\":\"https:\\\/\\\/annettezappe.de\\\/\"},{\"@type\":\"ListItem\",\"position\":2,\"name\":\"Skulpturen\",\"item\":\"https:\\\/\\\/annettezappe.de\\\/skulpturen\\\/\"},{\"@type\":\"ListItem\",\"position\":3,\"name\":\"Vom Fliegen\"}]},{\"@type\":\"WebSite\",\"@id\":\"https:\\\/\\\/annettezappe.de\\\/#website\",\"url\":\"https:\\\/\\\/annettezappe.de\\\/\",\"name\":\"Annette Zappe\",\"description\":\"\",\"potentialAction\":[{\"@type\":\"SearchAction\",\"target\":{\"@type\":\"EntryPoint\",\"urlTemplate\":\"https:\\\/\\\/annettezappe.de\\\/?s={search_term_string}\"},\"query-input\":{\"@type\":\"PropertyValueSpecification\",\"valueRequired\":true,\"valueName\":\"search_term_string\"}}],\"inLanguage\":\"en-US\"}]}<\/script>\n<!-- \/ Yoast SEO plugin. -->","yoast_head_json":{"title":"Bildhauerin K\u00fcnstlerin Kempten Allg\u00e4u Bronzefiguren fig\u00fcrlich","robots":{"index":"index","follow":"follow","max-snippet":"max-snippet:-1","max-image-preview":"max-image-preview:large","max-video-preview":"max-video-preview:-1"},"canonical":"https:\/\/annettezappe.de\/skulpturen\/fliegen\/","og_locale":"en_US","og_type":"article","og_title":"About Flying - Annette Zappe","og_url":"https:\/\/annettezappe.de\/skulpturen\/fliegen\/","og_site_name":"Annette Zappe","article_modified_time":"2024-01-14T14:12:52+00:00","og_image":[{"url":"https:\/\/annettezappe.de\/wp-content\/uploads\/Nordwa\u0308rts-e1575668230616-128x128.jpg","type":"","width":"","height":""}],"twitter_card":"summary_large_image","twitter_misc":{"Est. reading time":"1 minute"},"schema":{"@context":"https:\/\/schema.org","@graph":[{"@type":"WebPage","@id":"https:\/\/annettezappe.de\/skulpturen\/fliegen\/","url":"https:\/\/annettezappe.de\/skulpturen\/fliegen\/","name":"Bildhauerin K\u00fcnstlerin Kempten Allg\u00e4u Bronzefiguren fig\u00fcrlich","isPartOf":{"@id":"https:\/\/annettezappe.de\/#website"},"datePublished":"2015-07-03T19:16:31+00:00","dateModified":"2024-01-14T14:12:52+00:00","breadcrumb":{"@id":"https:\/\/annettezappe.de\/skulpturen\/fliegen\/#breadcrumb"},"inLanguage":"en-US","potentialAction":[{"@type":"ReadAction","target":["https:\/\/annettezappe.de\/skulpturen\/fliegen\/"]}]},{"@type":"BreadcrumbList","@id":"https:\/\/annettezappe.de\/skulpturen\/fliegen\/#breadcrumb","itemListElement":[{"@type":"ListItem","position":1,"name":"Home","item":"https:\/\/annettezappe.de\/"},{"@type":"ListItem","position":2,"name":"Skulpturen","item":"https:\/\/annettezappe.de\/skulpturen\/"},{"@type":"ListItem","position":3,"name":"Vom Fliegen"}]},{"@type":"WebSite","@id":"https:\/\/annettezappe.de\/#website","url":"https:\/\/annettezappe.de\/","name":"Annette Zappe","description":"","potentialAction":[{"@type":"SearchAction","target":{"@type":"EntryPoint","urlTemplate":"https:\/\/annettezappe.de\/?s={search_term_string}"},"query-input":{"@type":"PropertyValueSpecification","valueRequired":true,"valueName":"search_term_string"}}],"inLanguage":"en-US"}]}},"_links":{"self":[{"href":"https:\/\/annettezappe.de\/en\/wp-json\/wp\/v2\/pages\/49","targetHints":{"allow":["GET"]}}],"collection":[{"href":"https:\/\/annettezappe.de\/en\/wp-json\/wp\/v2\/pages"}],"about":[{"href":"https:\/\/annettezappe.de\/en\/wp-json\/wp\/v2\/types\/page"}],"author":[{"embeddable":true,"href":"https:\/\/annettezappe.de\/en\/wp-json\/wp\/v2\/users\/1"}],"replies":[{"embeddable":true,"href":"https:\/\/annettezappe.de\/en\/wp-json\/wp\/v2\/comments?post=49"}],"version-history":[{"count":2,"href":"https:\/\/annettezappe.de\/en\/wp-json\/wp\/v2\/pages\/49\/revisions"}],"predecessor-version":[{"id":2868,"href":"https:\/\/annettezappe.de\/en\/wp-json\/wp\/v2\/pages\/49\/revisions\/2868"}],"up":[{"embeddable":true,"href":"https:\/\/annettezappe.de\/en\/wp-json\/wp\/v2\/pages\/6"}],"wp:attachment":[{"href":"https:\/\/annettezappe.de\/en\/wp-json\/wp\/v2\/media?parent=49"}],"curies":[{"name":"wp","href":"https:\/\/api.w.org\/{rel}","templated":true}]}}