{"id":2605,"date":"2022-09-05T17:44:44","date_gmt":"2022-09-05T15:44:44","guid":{"rendered":"https:\/\/annettezappe.de\/?page_id=2605"},"modified":"2024-10-07T12:28:31","modified_gmt":"2024-10-07T10:28:31","slug":"pressefotos","status":"publish","type":"page","link":"https:\/\/annettezappe.de\/en\/texte\/pressefotos\/","title":{"rendered":"Pressefotos"},"content":{"rendered":"<p>Nachfolgende Fotos k\u00f6nnen zur nichtkommerziellen Nutzung unter folgenden\u00a0<strong>Nutzungsbedingungen\u00a0<\/strong>kostenfrei heruntergeladen werden. Eine Nutzung f\u00fcr kommerzielle Zwecke, insbesondere f\u00fcr Werbezwecke, ist nicht zul\u00e4ssig. Die Werke und Fotos unterliegen dem deutschen Urheberrecht.<\/p>\n<ol>\n<li>Die Fotos d\u00fcrfen nur zu Pressezwecken im Rahmen einer Berichterstattung \u00fcber Annette Zappe und ihr Werk verwendet werden. Eine Nutzung im digitalen Bereich auf Webseiten sowie im Print-Bereich bed\u00fcrfen grunds\u00e4tzlich der vorherigen schriftlichen Zustimmung der K\u00fcnstlerin.<\/li>\n<li>Bei der Verwendung des Bildes sind folgende Angaben anzugeben: Annette Zappe, Titel des Werkes, Copyright und Foto: Annette Zappe, www.annettezappe.de<\/li>\n<li>Jegliche Bearbeitung, Umgestaltung oder Manipulation der digitalen Bilder, die \u00fcber Farbkorrekturen, Ausschnitte und Verkleinerungen hinausgeht, ist unzul\u00e4ssig und nur mit vorheriger schriftlicher Zustimmung seitens der K\u00fcnstlerin erlaubt. Ebenso darf das digitale Bild nicht in einem sinnentstellenden Zusammenhang wiedergegeben werden.<\/li>\n<\/ol>\n<p><a href=\"https:\/\/annettezappe.de\/wp-content\/uploads\/AZappe_The-step-in-between.jpg\" target=\"_blank\" rel=\"noopener\"><img loading=\"lazy\" decoding=\"async\" class=\"size-thumbnail wp-image-2615 aligncenter\" src=\"https:\/\/annettezappe.de\/wp-content\/uploads\/AZappe_The-step-in-between-128x128.jpg\" alt=\"\" width=\"128\" height=\"128\" \/><\/a><\/p>\n<p style=\"text-align: center;\">The step in-between<\/p>\n<p style=\"text-align: center;\"><a href=\"https:\/\/annettezappe.de\/wp-content\/uploads\/AZappe_Fortschritt.jpg\" target=\"_blank\" rel=\"noopener\"><img loading=\"lazy\" decoding=\"async\" class=\"size-thumbnail wp-image-2614 aligncenter\" src=\"https:\/\/annettezappe.de\/wp-content\/uploads\/AZappe_Fortschritt-128x128.jpg\" alt=\"\" width=\"128\" height=\"128\" \/><\/a><\/p>\n<p style=\"text-align: center;\">Fortschritt<\/p>\n<p style=\"text-align: center;\"><a href=\"https:\/\/annettezappe.de\/wp-content\/uploads\/AZappe_Zwischen-hier-und-dort.jpg\" target=\"_blank\" rel=\"noopener\"><img loading=\"lazy\" decoding=\"async\" class=\"size-thumbnail wp-image-2613 aligncenter\" src=\"https:\/\/annettezappe.de\/wp-content\/uploads\/AZappe_Zwischen-hier-und-dort-128x128.jpg\" alt=\"\" width=\"128\" height=\"128\" \/><\/a><\/p>\n<p style=\"text-align: center;\">Zwischen hier und dort<\/p>\n","protected":false},"excerpt":{"rendered":"<p>Nachfolgende Fotos k\u00f6nnen zur nichtkommerziellen Nutzung unter folgenden\u00a0Nutzungsbedingungen\u00a0kostenfrei heruntergeladen werden. Eine Nutzung f\u00fcr kommerzielle Zwecke, insbesondere f\u00fcr Werbezwecke, ist nicht zul\u00e4ssig. Die Werke und Fotos unterliegen dem deutschen Urheberrecht. Die Fotos d\u00fcrfen nur zu Pressezwecken im Rahmen einer Berichterstattung \u00fcber Annette Zappe und ihr Werk verwendet werden. Eine Nutzung im digitalen Bereich auf Webseiten sowie [&hellip;]<\/p>\n","protected":false},"author":1,"featured_media":0,"parent":14,"menu_order":4,"comment_status":"closed","ping_status":"closed","template":"","meta":{"footnotes":""},"class_list":["post-2605","page","type-page","status-publish","hentry"],"translation":{"provider":"WPGlobus","version":"3.0.2","language":"en","enabled_languages":["de","en"],"languages":{"de":{"title":true,"content":true,"excerpt":false},"en":{"title":false,"content":false,"excerpt":false}}},"yoast_head":"<!-- This site is optimized with the Yoast SEO plugin v27.3 - https:\/\/yoast.com\/product\/yoast-seo-wordpress\/ -->\n<title>Pressefotos - Annette Zappe<\/title>\n<meta name=\"robots\" content=\"index, follow, max-snippet:-1, max-image-preview:large, max-video-preview:-1\" \/>\n<link rel=\"canonical\" href=\"https:\/\/annettezappe.de\/texte\/pressefotos\/\" \/>\n<meta property=\"og:locale\" content=\"en_US\" \/>\n<meta property=\"og:type\" content=\"article\" \/>\n<meta property=\"og:title\" content=\"Pressefotos - Annette Zappe\" \/>\n<meta property=\"og:url\" content=\"https:\/\/annettezappe.de\/texte\/pressefotos\/\" \/>\n<meta property=\"og:site_name\" content=\"Annette Zappe\" \/>\n<meta property=\"article:modified_time\" content=\"2024-10-07T10:28:31+00:00\" \/>\n<meta property=\"og:image\" content=\"https:\/\/annettezappe.de\/wp-content\/uploads\/AZappe_The-step-in-between-128x128.jpg\" \/>\n<meta name=\"twitter:card\" content=\"summary_large_image\" \/>\n<meta name=\"twitter:label1\" content=\"Est. reading time\" \/>\n\t<meta name=\"twitter:data1\" content=\"2 minutes\" \/>\n<script type=\"application\/ld+json\" class=\"yoast-schema-graph\">{\"@context\":\"https:\\\/\\\/schema.org\",\"@graph\":[{\"@type\":\"WebPage\",\"@id\":\"https:\\\/\\\/annettezappe.de\\\/texte\\\/pressefotos\\\/\",\"url\":\"https:\\\/\\\/annettezappe.de\\\/texte\\\/pressefotos\\\/\",\"name\":\"Pressefotos - Annette Zappe\",\"isPartOf\":{\"@id\":\"https:\\\/\\\/annettezappe.de\\\/#website\"},\"primaryImageOfPage\":{\"@id\":\"https:\\\/\\\/annettezappe.de\\\/texte\\\/pressefotos\\\/#primaryimage\"},\"image\":{\"@id\":\"https:\\\/\\\/annettezappe.de\\\/texte\\\/pressefotos\\\/#primaryimage\"},\"thumbnailUrl\":\"https:\\\/\\\/annettezappe.de\\\/wp-content\\\/uploads\\\/AZappe_The-step-in-between-128x128.jpg\",\"datePublished\":\"2022-09-05T15:44:44+00:00\",\"dateModified\":\"2024-10-07T10:28:31+00:00\",\"breadcrumb\":{\"@id\":\"https:\\\/\\\/annettezappe.de\\\/texte\\\/pressefotos\\\/#breadcrumb\"},\"inLanguage\":\"en-US\",\"potentialAction\":[{\"@type\":\"ReadAction\",\"target\":[\"https:\\\/\\\/annettezappe.de\\\/texte\\\/pressefotos\\\/\"]}]},{\"@type\":\"ImageObject\",\"inLanguage\":\"en-US\",\"@id\":\"https:\\\/\\\/annettezappe.de\\\/texte\\\/pressefotos\\\/#primaryimage\",\"url\":\"https:\\\/\\\/annettezappe.de\\\/wp-content\\\/uploads\\\/AZappe_The-step-in-between-128x128.jpg\",\"contentUrl\":\"https:\\\/\\\/annettezappe.de\\\/wp-content\\\/uploads\\\/AZappe_The-step-in-between-128x128.jpg\"},{\"@type\":\"BreadcrumbList\",\"@id\":\"https:\\\/\\\/annettezappe.de\\\/texte\\\/pressefotos\\\/#breadcrumb\",\"itemListElement\":[{\"@type\":\"ListItem\",\"position\":1,\"name\":\"Home\",\"item\":\"https:\\\/\\\/annettezappe.de\\\/\"},{\"@type\":\"ListItem\",\"position\":2,\"name\":\"Texte\",\"item\":\"https:\\\/\\\/annettezappe.de\\\/texte\\\/\"},{\"@type\":\"ListItem\",\"position\":3,\"name\":\"Pressefotos\"}]},{\"@type\":\"WebSite\",\"@id\":\"https:\\\/\\\/annettezappe.de\\\/#website\",\"url\":\"https:\\\/\\\/annettezappe.de\\\/\",\"name\":\"Annette Zappe\",\"description\":\"\",\"potentialAction\":[{\"@type\":\"SearchAction\",\"target\":{\"@type\":\"EntryPoint\",\"urlTemplate\":\"https:\\\/\\\/annettezappe.de\\\/?s={search_term_string}\"},\"query-input\":{\"@type\":\"PropertyValueSpecification\",\"valueRequired\":true,\"valueName\":\"search_term_string\"}}],\"inLanguage\":\"en-US\"}]}<\/script>\n<!-- \/ Yoast SEO plugin. -->","yoast_head_json":{"title":"Pressefotos - Annette Zappe","robots":{"index":"index","follow":"follow","max-snippet":"max-snippet:-1","max-image-preview":"max-image-preview:large","max-video-preview":"max-video-preview:-1"},"canonical":"https:\/\/annettezappe.de\/texte\/pressefotos\/","og_locale":"en_US","og_type":"article","og_title":"Pressefotos - Annette Zappe","og_url":"https:\/\/annettezappe.de\/texte\/pressefotos\/","og_site_name":"Annette Zappe","article_modified_time":"2024-10-07T10:28:31+00:00","og_image":[{"url":"https:\/\/annettezappe.de\/wp-content\/uploads\/AZappe_The-step-in-between-128x128.jpg","type":"","width":"","height":""}],"twitter_card":"summary_large_image","twitter_misc":{"Est. reading time":"2 minutes"},"schema":{"@context":"https:\/\/schema.org","@graph":[{"@type":"WebPage","@id":"https:\/\/annettezappe.de\/texte\/pressefotos\/","url":"https:\/\/annettezappe.de\/texte\/pressefotos\/","name":"Pressefotos - Annette Zappe","isPartOf":{"@id":"https:\/\/annettezappe.de\/#website"},"primaryImageOfPage":{"@id":"https:\/\/annettezappe.de\/texte\/pressefotos\/#primaryimage"},"image":{"@id":"https:\/\/annettezappe.de\/texte\/pressefotos\/#primaryimage"},"thumbnailUrl":"https:\/\/annettezappe.de\/wp-content\/uploads\/AZappe_The-step-in-between-128x128.jpg","datePublished":"2022-09-05T15:44:44+00:00","dateModified":"2024-10-07T10:28:31+00:00","breadcrumb":{"@id":"https:\/\/annettezappe.de\/texte\/pressefotos\/#breadcrumb"},"inLanguage":"en-US","potentialAction":[{"@type":"ReadAction","target":["https:\/\/annettezappe.de\/texte\/pressefotos\/"]}]},{"@type":"ImageObject","inLanguage":"en-US","@id":"https:\/\/annettezappe.de\/texte\/pressefotos\/#primaryimage","url":"https:\/\/annettezappe.de\/wp-content\/uploads\/AZappe_The-step-in-between-128x128.jpg","contentUrl":"https:\/\/annettezappe.de\/wp-content\/uploads\/AZappe_The-step-in-between-128x128.jpg"},{"@type":"BreadcrumbList","@id":"https:\/\/annettezappe.de\/texte\/pressefotos\/#breadcrumb","itemListElement":[{"@type":"ListItem","position":1,"name":"Home","item":"https:\/\/annettezappe.de\/"},{"@type":"ListItem","position":2,"name":"Texte","item":"https:\/\/annettezappe.de\/texte\/"},{"@type":"ListItem","position":3,"name":"Pressefotos"}]},{"@type":"WebSite","@id":"https:\/\/annettezappe.de\/#website","url":"https:\/\/annettezappe.de\/","name":"Annette Zappe","description":"","potentialAction":[{"@type":"SearchAction","target":{"@type":"EntryPoint","urlTemplate":"https:\/\/annettezappe.de\/?s={search_term_string}"},"query-input":{"@type":"PropertyValueSpecification","valueRequired":true,"valueName":"search_term_string"}}],"inLanguage":"en-US"}]}},"_links":{"self":[{"href":"https:\/\/annettezappe.de\/en\/wp-json\/wp\/v2\/pages\/2605","targetHints":{"allow":["GET"]}}],"collection":[{"href":"https:\/\/annettezappe.de\/en\/wp-json\/wp\/v2\/pages"}],"about":[{"href":"https:\/\/annettezappe.de\/en\/wp-json\/wp\/v2\/types\/page"}],"author":[{"embeddable":true,"href":"https:\/\/annettezappe.de\/en\/wp-json\/wp\/v2\/users\/1"}],"replies":[{"embeddable":true,"href":"https:\/\/annettezappe.de\/en\/wp-json\/wp\/v2\/comments?post=2605"}],"version-history":[{"count":2,"href":"https:\/\/annettezappe.de\/en\/wp-json\/wp\/v2\/pages\/2605\/revisions"}],"predecessor-version":[{"id":2948,"href":"https:\/\/annettezappe.de\/en\/wp-json\/wp\/v2\/pages\/2605\/revisions\/2948"}],"up":[{"embeddable":true,"href":"https:\/\/annettezappe.de\/en\/wp-json\/wp\/v2\/pages\/14"}],"wp:attachment":[{"href":"https:\/\/annettezappe.de\/en\/wp-json\/wp\/v2\/media?parent=2605"}],"curies":[{"name":"wp","href":"https:\/\/api.w.org\/{rel}","templated":true}]}}