{"id":12,"date":"2015-06-29T14:43:13","date_gmt":"2015-06-29T12:43:13","guid":{"rendered":"https:\/\/annettezappe.de\/?page_id=12"},"modified":"2026-01-26T18:47:48","modified_gmt":"2026-01-26T17:47:48","slug":"aktuell","status":"publish","type":"page","link":"https:\/\/annettezappe.de\/en\/aktuell\/","title":{"rendered":"Exhibitions"},"content":{"rendered":"<h3>Brocken.<\/h3>\n<p><strong><img loading=\"lazy\" decoding=\"async\" class=\"alignright wp-image-3297\" src=\"https:\/\/annettezappe.de\/wp-content\/uploads\/Brocken_Plakat-212x300.jpg\" alt=\"\" width=\"180\" height=\"255\" srcset=\"https:\/\/annettezappe.de\/wp-content\/uploads\/Brocken_Plakat-212x300.jpg 212w, https:\/\/annettezappe.de\/wp-content\/uploads\/Brocken_Plakat-768x1086.jpg 768w, https:\/\/annettezappe.de\/wp-content\/uploads\/Brocken_Plakat.jpg 842w\" sizes=\"auto, (max-width: 180px) 100vw, 180px\" \/>6. December 2025 &#8211; 18. January 2026<\/strong><\/p>\n<p><strong>8 Artists show Sculptures and Object art<\/strong><br \/>\nElisabeth Bader, Corinna Ellner, Silvia Jung-Wiesenmayer, Anna Dorothea Klug, Amrei M\u00fcller, Nina Schmidbauer, Elke Wieland and Annette Zappe<\/p>\n<p><strong>Kunsthaus Villa Jauss, Oberstdorf<\/strong><br \/>\nFuggerstra\u00dfe 7, 87561 Oberstdorf<br \/>\n<a href=\"https:\/\/www.villa-jauss.de\/ausstellungen\/\" target=\"_blank\" rel=\"noopener\">www.villa-jauss.de<\/a><\/p>\n<p><strong>Introduction<\/strong>: Birgit H\u00f6ppl, deputy museum director<br \/>\nEdwin Scharff Museum Neu-Ulm<br \/>\n<a href=\"https:\/\/annettezappe.de\/wp-content\/uploads\/Brocken_Einladungskarte.pdf\" target=\"_blank\" rel=\"noopener\">Invitation Card for Download<\/a><\/p>\n<h3><span style=\"color: #ffffff;\">x<\/span><\/h3>\n<h3>Zwischen den Welten<\/h3>\n<h3><strong><img loading=\"lazy\" decoding=\"async\" class=\" wp-image-3195 alignright\" src=\"https:\/\/annettezappe.de\/wp-content\/uploads\/AZappe_Malura_web-150x300.jpg\" alt=\"\" width=\"150\" height=\"300\" srcset=\"https:\/\/annettezappe.de\/wp-content\/uploads\/AZappe_Malura_web-150x300.jpg 150w, https:\/\/annettezappe.de\/wp-content\/uploads\/AZappe_Malura_web.jpg 300w\" sizes=\"auto, (max-width: 150px) 100vw, 150px\" \/><\/strong><\/h3>\n<p><strong>21. September &#8211; 9. November 2025<\/strong><\/p>\n<p>Annette Zappe&#8217;s filigree, sensitively patinated bronze sculptures stand among Oswald Malura&#8217;s colorful, abstract paintings, creating an exciting dialogue. While she focuses on the individual, Malura often merges humanity and environment into a unified whole. With her figures we seem to be wandering through Malura&#8217;s impressionistic-abstract landscapes, discovering ourselves within them.<\/p>\n<p><strong>MALURA MUSEUM\u00a0<\/strong><br \/>\nM\u00fchlweg 2, 86944 Oberdie\u00dfen<\/p>\n<p><strong>Introduction<\/strong>: Patrik Scherrer (lic. theol.)<br \/>\n<strong>Music<\/strong>: Elisa Zappe (Cello) und Kilian Naumann (Pianoforte)<\/p>\n<p><strong>Information<\/strong>: <a href=\"https:\/\/malura-museum.de\/\" target=\"_blank\" rel=\"noopener\">www.malura-museum.de<\/a><br \/>\n<a href=\"https:\/\/annettezappe.de\/wp-content\/uploads\/2025-Malura-Zappe-klein.pdf\" target=\"_blank\" rel=\"noopener\">Invitation Card for Download<\/a><\/p>\n<h3><span style=\"color: #ffffff;\">x<\/span><\/h3>\n<h3>\u00fcberbr\u00fcckt<\/h3>\n<p style=\"text-align: left;\"><strong><img loading=\"lazy\" decoding=\"async\" class=\"alignright wp-image-3253 \" src=\"https:\/\/annettezappe.de\/wp-content\/uploads\/ueberbrueckt-pro-arte-212x300.jpg\" alt=\"\" width=\"180\" height=\"255\" srcset=\"https:\/\/annettezappe.de\/wp-content\/uploads\/ueberbrueckt-pro-arte-212x300.jpg 212w, https:\/\/annettezappe.de\/wp-content\/uploads\/ueberbrueckt-pro-arte-768x1086.jpg 768w, https:\/\/annettezappe.de\/wp-content\/uploads\/ueberbrueckt-pro-arte-1086x1536.jpg 1086w, https:\/\/annettezappe.de\/wp-content\/uploads\/ueberbrueckt-pro-arte.jpg 1191w\" sizes=\"auto, (max-width: 180px) 100vw, 180px\" \/>25. September &#8211; 21. November 2025<\/strong><\/p>\n<p><b>The motif of the bridge in the visual art<br \/>\n<\/b>Bridges are symbols of mediation, exchange, connection, progress and encounter. Therefore they are used as a symbol of peace. They allow us to overcome and find paths into the new and unknown. They connect what is separate and distinct, thus enabling transition between two different realms or worlds, between heaven and earth, this world and the coming. The exhibition illustrates that this motif is also repeatedly taken up in contemporary art and fascinates in many different ways.<\/p>\n<p><strong>Galerie Stiftung BC &#8211; pro arte<\/strong><br \/>\nBismarckring 66, Biberach an der Riss<br \/>\n<a href=\"http:\/\/www.sbc-pro-arte.de\" target=\"_blank\" rel=\"noopener\">www.sbc-pro-arte.de<\/a><br \/>\n<a href=\"https:\/\/annettezappe.de\/wp-content\/uploads\/Einladung-ueberbrueckt.pdf\" target=\"_blank\" rel=\"noopener\">Invitation Card for Download<\/a><\/p>\n<h3><span style=\"color: #ffffff;\">x<\/span><\/h3>\n<h3>Zwischenzeit<\/h3>\n<h3><strong><img loading=\"lazy\" decoding=\"async\" class=\" wp-image-3080 alignright\" src=\"https:\/\/annettezappe.de\/wp-content\/uploads\/zwischenzeit_Plakat.jpg\" alt=\"\" width=\"180\" height=\"253\" srcset=\"https:\/\/annettezappe.de\/wp-content\/uploads\/zwischenzeit_Plakat.jpg 427w, https:\/\/annettezappe.de\/wp-content\/uploads\/zwischenzeit_Plakat-214x300.jpg 214w\" sizes=\"auto, (max-width: 180px) 100vw, 180px\" \/><\/strong><\/h3>\n<p><strong>8. M\u00e4rz &#8211; 24. Mai 2025<\/strong><\/p>\n<p><strong>Bronzeskulpturen von Annette Zappe im<br \/>\nc-punkt M\u00dcNSTERFORUM Freiburg<\/strong><br \/>\nHerrenstra\u00dfe 33, 79098 Freiburg im Breisgau<\/p>\n<p>Mit ihren filigranen Bronzeskulpturen sp\u00fcrt die K\u00fcnstlerin den existenziellen Grundfragen des Lebens nach. Mutig \u00fcberschreiten ihre Figuren die Grenzen von Raum und Zeit.<\/p>\n<p><a href=\"https:\/\/annettezappe.de\/wp-content\/uploads\/Ausstellungsprogramm.pdf\" target=\"_blank\" rel=\"noopener\">Ausstellungsprogramm<\/a><br \/>\n<a href=\"https:\/\/annettezappe.de\/texte\/kataloge\/\">Ausstellungskatalog mit Texten von Patrik Scherrer<\/a><br \/>\n<a href=\"https:\/\/www.c-punkt-freiburg.de\/veranstaltungen\/ausstellungen\/\" target=\"_blank\" rel=\"noopener\">www.c-punkt-freiburg.de<\/a><\/p>\n<h3><span style=\"color: #ffffff;\">x<\/span><\/h3>\n<h3><img loading=\"lazy\" decoding=\"async\" class=\"alignright wp-image-2655\" src=\"https:\/\/annettezappe.de\/wp-content\/uploads\/2023_KlosterKamp.jpg\" alt=\"\" width=\"180\" height=\"255\" srcset=\"https:\/\/annettezappe.de\/wp-content\/uploads\/2023_KlosterKamp.jpg 1240w, https:\/\/annettezappe.de\/wp-content\/uploads\/2023_KlosterKamp-212x300.jpg 212w, https:\/\/annettezappe.de\/wp-content\/uploads\/2023_KlosterKamp-768x1086.jpg 768w, https:\/\/annettezappe.de\/wp-content\/uploads\/2023_KlosterKamp-1086x1536.jpg 1086w\" sizes=\"auto, (max-width: 180px) 100vw, 180px\" \/><\/h3>\n<h3>SchrittWeise<\/h3>\n<p><strong>18. November 2023 &#8211; 14. April 2024<\/strong><\/p>\n<p><strong>Soloexhibition at the Niederrhein<br \/>\nin the Museum Kloster Kamp<\/strong><br \/>\nAbteiplatz 24, 47475 Kamp-Lintfort<\/p>\n<p><a href=\"https:\/\/annettezappe.de\/wp-content\/uploads\/Einladungskarte_Kamp.pdf\" target=\"_blank\" rel=\"noopener\">Invitation Card for Download<\/a><\/p>\n<p><a href=\"https:\/\/kloster-kamp.eu\/wechselausstellungen\" target=\"_blank\" rel=\"noopener\">www.kloster-kamp.eu<\/a><\/p>\n<h3><span style=\"color: #ffffff;\">x<\/span><\/h3>\n<h3>KunstRaumHeilsbronn<\/h3>\n<h3><strong><img loading=\"lazy\" decoding=\"async\" class=\"alignright wp-image-2645\" src=\"https:\/\/annettezappe.de\/wp-content\/uploads\/Kunstraum_2023.jpg\" alt=\"\" width=\"180\" height=\"255\" srcset=\"https:\/\/annettezappe.de\/wp-content\/uploads\/Kunstraum_2023.jpg 740w, https:\/\/annettezappe.de\/wp-content\/uploads\/Kunstraum_2023-212x300.jpg 212w\" sizes=\"auto, (max-width: 180px) 100vw, 180px\" \/><\/strong><\/h3>\n<p style=\"text-align: left;\"><strong>14. May to 15. October 2023\u00a0<\/strong><\/p>\n<p><strong>Sculpture:<\/strong> Stephan Guber, Clemens Hutter, Harald Kienle, Andreas Kuhnlein, Josef Lang, Cornelia Rapp, Thomas R\u00f6thel, Stefan Schindler, Angelika Summa, Annette Zappe<\/p>\n<p><strong>Painting:<\/strong> Quint Buchholz, Hasso von Henninges, Manon Heupel, Ursula J\u00fcngst, Gisela Krohn, Hans Rauh, Gerhard Rie\u00dfbeck, Siegbert von Stockhausen<\/p>\n<p><strong>Photography:<\/strong> James Edward Albright, Wolfgang Noack<\/p>\n<p><strong>KunstRaumHeilsbronn<\/strong><br \/>\nAbteigasse 7\u00a0 |\u00a0 91560 Heilsbronn<\/p>\n<p><a href=\"https:\/\/annettezappe.de\/wp-content\/uploads\/Postkarte_Sommer-2023.pdf\" target=\"_blank\" rel=\"noopener\">Invitation Card<\/a><\/p>\n<p><a href=\"https:\/\/kunstraumheilsbronn.de\" target=\"_blank\" rel=\"noopener\">www.kunstraumheilsbronn<\/a><\/p>\n<h3><span style=\"color: #ffffff;\">x<\/span><\/h3>\n<h3>Another View<\/h3>\n<p><strong>18. March to 2. May 2021<\/strong><\/p>\n<p><strong><img loading=\"lazy\" decoding=\"async\" class=\" wp-image-2397 alignright\" src=\"https:\/\/annettezappe.de\/wp-content\/uploads\/Villa_Jauss.jpg\" alt=\"\" width=\"180\" height=\"120\" \/><\/strong>Exhibition with sculptures of eleven female artists: Elisabeth Bader, Waltraud Funk, Lucia Hiemer, Kristina Johlige Tolstoy, Anna Dorothea Klug-Fa\u00dflrinner, Silvia Jung-Wiesenmayer, Amrei M\u00fcller, Nina Schmidbauer, Lucie Sommer-Leix, Elke Wieland and Annette Zappe<\/p>\n<p><strong>Villa Jauss, Oberstdorf<\/strong><br \/>\nFuggerstra\u00dfe 7\u00a0 |\u00a0 87561 Oberstdorf<\/p>\n<p><a href=\"https:\/\/www.villa-jauss.de\/memo\/der-andere-blick.html\" target=\"_blank\" rel=\"noopener\">Online-Exhibition<\/a><br \/>\n<a href=\"https:\/\/annettezappe.de\/wp-content\/uploads\/Der-andere-Blick-4.pdf\" target=\"_blank\" rel=\"noopener\">Invitation and Information<\/a><\/p>\n<h3><span style=\"color: #ffffff;\">x<\/span><\/h3>\n<h3><strong><img loading=\"lazy\" decoding=\"async\" class=\"alignright wp-image-1501\" src=\"https:\/\/annettezappe.de\/wp-content\/uploads\/Heilsbronn_Plakat_www.jpg\" alt=\"\" width=\"180\" height=\"255\" \/><\/strong><\/h3>\n<h3>bewegt\u00a0 befl\u00fcgelt\u00a0 bewahrt<\/h3>\n<p><strong>5. June to 13. September 2020<\/strong><\/p>\n<p><strong>KunstRaumHeilsbronn<br \/>\n<\/strong>Exhibition in the Cathedral and in the RPZ Heilsbronn<br \/>\nAbteigasse 7\u00a0 |\u00a0 91560 Heilsbronn<br \/>\n<a href=\"https:\/\/www.kunstraumheilsbronn.de\" target=\"_blank\" rel=\"noreferrer noopener\">KunstRaumHeilsbronn<\/a><\/p>\n<p><a href=\"https:\/\/annettezappe.de\/wp-content\/uploads\/Heilsbronn_Einladung-1.pdf\" target=\"_blank\" rel=\"noopener noreferrer\">Invitation Card for Download<\/a><br \/>\n<a href=\"https:\/\/annettezappe.de\/kataloge\/\" target=\"_blank\" rel=\"noopener\">Catalog to the exhibition<\/a><\/p>\n<p><span style=\"color: #ffffff;\">x<\/span><\/p>\n<h3><span style=\"color: #ffffff;\">x<\/span><\/h3>\n<h3>Between here and there<\/h3>\n<p><strong><img loading=\"lazy\" decoding=\"async\" class=\"size-full wp-image-2354 alignright\" src=\"https:\/\/annettezappe.de\/wp-content\/uploads\/museum-f-r-bildende-kunst-im-landkreis-neu-ulm.jpg\" alt=\"\" width=\"180\" height=\"136\" \/>28. November 2019 to 26. January 2020<\/strong><\/p>\n<p><strong>Museum for Arts, Nersingen-Oberfahlheim near Neu-Ulm<br \/>\n<\/strong>Cabinet Exhibition and Vaulted Cellar<br \/>\nAlte Landstra\u00dfe 1a\u00a0 |\u00a0 89278 Nersingen-Oberfahlheim<\/p>\n<p><strong>Laudation<\/strong>: Dr. Agathe Schmiddunser, M\u00fcnchen<\/p>\n<p><a href=\"https:\/\/annettezappe.de\/wp-content\/uploads\/Einladung_Oberfahlheim.pdf\" target=\"_blank\" rel=\"noopener noreferrer\">Invitation Card for Download<\/a> <strong>\u00a0<\/strong><\/p>\n<h3><span style=\"color: #ffffff;\">x<\/span><\/h3>\n<p><img loading=\"lazy\" decoding=\"async\" class=\"alignright wp-image-725\" src=\"https:\/\/annettezappe.de\/wp-content\/uploads\/Plakat_KuKa-213x300.jpg\" alt=\"\" width=\"180\" height=\"254\" srcset=\"https:\/\/annettezappe.de\/wp-content\/uploads\/Plakat_KuKa-213x300.jpg 213w, https:\/\/annettezappe.de\/wp-content\/uploads\/Plakat_KuKa.jpg 284w\" sizes=\"auto, (max-width: 180px) 100vw, 180px\" \/><\/p>\n<h3>Incarnation<\/h3>\n<p><strong>2. April to 30. April 2017<\/strong><\/p>\n<p><strong>Bronze sculptures from Annette Zappe<br \/>\nin dialog with works out of\u00a0the collection Dr. Wilhelm Maul Kemptener Kunstkabinett<\/strong><b><\/b><br \/>\nSalzstra\u00dfe 12\u00a0 |\u00a0 87435 Kempten<\/p>\n<p><strong>Laudation<\/strong>: Dr. Christine M\u00fcller Horn<\/p>\n<p><a href=\"https:\/\/annettezappe.de\/wp-content\/uploads\/Einladungskarte.jpg\" target=\"_blank\" rel=\"noopener noreferrer\">Invitation Card for Download<\/a><br \/>\n<a href=\"https:\/\/annettezappe.de\/kataloge\/\" target=\"_blank\" rel=\"noopener\">Katalog &#8220;Mother and Child&#8221;<\/a><\/p>\n<h3><span style=\"color: #ffffff;\">x<\/span><\/h3>\n<h3><strong><img loading=\"lazy\" decoding=\"async\" class=\" wp-image-382 alignright\" src=\"https:\/\/annettezappe.de\/wp-content\/uploads\/Plakat_9c-212x300.png\" alt=\"Plakat_9c\" width=\"180\" height=\"254\" srcset=\"https:\/\/annettezappe.de\/wp-content\/uploads\/Plakat_9c-212x300.png 212w, https:\/\/annettezappe.de\/wp-content\/uploads\/Plakat_9c.png 584w\" sizes=\"auto, (max-width: 180px) 100vw, 180px\" \/><\/strong><\/h3>\n<h3>Space in-between<\/h3>\n<p><strong>15. November 2015 to 31. January 2016<\/strong> <strong><br \/>\nKleines<\/strong> <strong>Kunstforum 9c<br \/>\n<\/strong>Ulrike und Heinrich Baur<br \/>\nHochvogelstra\u00dfe 9c\u00a0 |\u00a0 87435 Kempten<\/p>\n<p><strong>Laudation<\/strong>: Ursula Winkler M.A.<\/p>\n<p><a href=\"https:\/\/annettezappe.de\/wp-content\/uploads\/Einladungskarte1.pdf\" target=\"_blank\" rel=\"noopener noreferrer\">Invitation Card for Download<\/a> <strong>\u00a0<\/strong><\/p>\n<h1><\/h1>\n","protected":false},"excerpt":{"rendered":"<p>Brocken. 6. December 2025 &#8211; 18. January 2026 8 Artists show Sculptures and Object art Elisabeth Bader, Corinna Ellner, Silvia Jung-Wiesenmayer, Anna Dorothea Klug, Amrei M\u00fcller, Nina Schmidbauer, Elke Wieland and Annette Zappe Kunsthaus Villa Jauss, Oberstdorf Fuggerstra\u00dfe 7, 87561 Oberstdorf www.villa-jauss.de Introduction: Birgit H\u00f6ppl, deputy museum director Edwin Scharff Museum Neu-Ulm Invitation Card for [&hellip;]<\/p>\n","protected":false},"author":1,"featured_media":0,"parent":0,"menu_order":8,"comment_status":"closed","ping_status":"closed","template":"","meta":{"footnotes":""},"class_list":["post-12","page","type-page","status-publish","hentry"],"translation":{"provider":"WPGlobus","version":"3.0.2","language":"en","enabled_languages":["de","en"],"languages":{"de":{"title":true,"content":true,"excerpt":false},"en":{"title":true,"content":true,"excerpt":false}}},"yoast_head":"<!-- This site is optimized with the Yoast SEO plugin v27.3 - https:\/\/yoast.com\/product\/yoast-seo-wordpress\/ -->\n<title>Aktuelles Annette Zappe Bildhauerin K\u00fcnstlerin Kempten Allg\u00e4u<\/title>\n<meta name=\"robots\" content=\"index, follow, max-snippet:-1, max-image-preview:large, max-video-preview:-1\" \/>\n<link rel=\"canonical\" href=\"https:\/\/annettezappe.de\/aktuell\/\" \/>\n<meta property=\"og:locale\" content=\"en_US\" \/>\n<meta property=\"og:type\" content=\"article\" \/>\n<meta property=\"og:title\" content=\"Exhibitions - Annette Zappe\" \/>\n<meta property=\"og:url\" content=\"https:\/\/annettezappe.de\/aktuell\/\" \/>\n<meta property=\"og:site_name\" content=\"Annette Zappe\" \/>\n<meta property=\"article:modified_time\" content=\"2026-01-26T17:47:48+00:00\" \/>\n<meta property=\"og:image\" content=\"https:\/\/annettezappe.de\/wp-content\/uploads\/Brocken_Plakat.jpg\" \/>\n\t<meta property=\"og:image:width\" content=\"842\" \/>\n\t<meta property=\"og:image:height\" content=\"1191\" \/>\n\t<meta property=\"og:image:type\" content=\"image\/jpeg\" \/>\n<meta name=\"twitter:card\" content=\"summary_large_image\" \/>\n<meta name=\"twitter:label1\" content=\"Est. reading time\" \/>\n\t<meta name=\"twitter:data1\" content=\"6 minutes\" \/>\n<script type=\"application\/ld+json\" class=\"yoast-schema-graph\">{\"@context\":\"https:\\\/\\\/schema.org\",\"@graph\":[{\"@type\":\"WebPage\",\"@id\":\"https:\\\/\\\/annettezappe.de\\\/aktuell\\\/\",\"url\":\"https:\\\/\\\/annettezappe.de\\\/aktuell\\\/\",\"name\":\"Aktuelles Annette Zappe Bildhauerin K\u00fcnstlerin Kempten Allg\u00e4u\",\"isPartOf\":{\"@id\":\"https:\\\/\\\/annettezappe.de\\\/#website\"},\"primaryImageOfPage\":{\"@id\":\"https:\\\/\\\/annettezappe.de\\\/aktuell\\\/#primaryimage\"},\"image\":{\"@id\":\"https:\\\/\\\/annettezappe.de\\\/aktuell\\\/#primaryimage\"},\"thumbnailUrl\":\"https:\\\/\\\/annettezappe.de\\\/wp-content\\\/uploads\\\/Brocken_Plakat-212x300.jpg\",\"datePublished\":\"2015-06-29T12:43:13+00:00\",\"dateModified\":\"2026-01-26T17:47:48+00:00\",\"breadcrumb\":{\"@id\":\"https:\\\/\\\/annettezappe.de\\\/aktuell\\\/#breadcrumb\"},\"inLanguage\":\"en-US\",\"potentialAction\":[{\"@type\":\"ReadAction\",\"target\":[\"https:\\\/\\\/annettezappe.de\\\/aktuell\\\/\"]}]},{\"@type\":\"ImageObject\",\"inLanguage\":\"en-US\",\"@id\":\"https:\\\/\\\/annettezappe.de\\\/aktuell\\\/#primaryimage\",\"url\":\"https:\\\/\\\/annettezappe.de\\\/wp-content\\\/uploads\\\/Brocken_Plakat-212x300.jpg\",\"contentUrl\":\"https:\\\/\\\/annettezappe.de\\\/wp-content\\\/uploads\\\/Brocken_Plakat-212x300.jpg\"},{\"@type\":\"BreadcrumbList\",\"@id\":\"https:\\\/\\\/annettezappe.de\\\/aktuell\\\/#breadcrumb\",\"itemListElement\":[{\"@type\":\"ListItem\",\"position\":1,\"name\":\"Home\",\"item\":\"https:\\\/\\\/annettezappe.de\\\/\"},{\"@type\":\"ListItem\",\"position\":2,\"name\":\"Ausstellungen\"}]},{\"@type\":\"WebSite\",\"@id\":\"https:\\\/\\\/annettezappe.de\\\/#website\",\"url\":\"https:\\\/\\\/annettezappe.de\\\/\",\"name\":\"Annette Zappe\",\"description\":\"\",\"potentialAction\":[{\"@type\":\"SearchAction\",\"target\":{\"@type\":\"EntryPoint\",\"urlTemplate\":\"https:\\\/\\\/annettezappe.de\\\/?s={search_term_string}\"},\"query-input\":{\"@type\":\"PropertyValueSpecification\",\"valueRequired\":true,\"valueName\":\"search_term_string\"}}],\"inLanguage\":\"en-US\"}]}<\/script>\n<!-- \/ Yoast SEO plugin. -->","yoast_head_json":{"title":"Aktuelles Annette Zappe Bildhauerin K\u00fcnstlerin Kempten Allg\u00e4u","robots":{"index":"index","follow":"follow","max-snippet":"max-snippet:-1","max-image-preview":"max-image-preview:large","max-video-preview":"max-video-preview:-1"},"canonical":"https:\/\/annettezappe.de\/aktuell\/","og_locale":"en_US","og_type":"article","og_title":"Exhibitions - Annette Zappe","og_url":"https:\/\/annettezappe.de\/aktuell\/","og_site_name":"Annette Zappe","article_modified_time":"2026-01-26T17:47:48+00:00","og_image":[{"width":842,"height":1191,"url":"https:\/\/annettezappe.de\/wp-content\/uploads\/Brocken_Plakat.jpg","type":"image\/jpeg"}],"twitter_card":"summary_large_image","twitter_misc":{"Est. reading time":"6 minutes"},"schema":{"@context":"https:\/\/schema.org","@graph":[{"@type":"WebPage","@id":"https:\/\/annettezappe.de\/aktuell\/","url":"https:\/\/annettezappe.de\/aktuell\/","name":"Aktuelles Annette Zappe Bildhauerin K\u00fcnstlerin Kempten Allg\u00e4u","isPartOf":{"@id":"https:\/\/annettezappe.de\/#website"},"primaryImageOfPage":{"@id":"https:\/\/annettezappe.de\/aktuell\/#primaryimage"},"image":{"@id":"https:\/\/annettezappe.de\/aktuell\/#primaryimage"},"thumbnailUrl":"https:\/\/annettezappe.de\/wp-content\/uploads\/Brocken_Plakat-212x300.jpg","datePublished":"2015-06-29T12:43:13+00:00","dateModified":"2026-01-26T17:47:48+00:00","breadcrumb":{"@id":"https:\/\/annettezappe.de\/aktuell\/#breadcrumb"},"inLanguage":"en-US","potentialAction":[{"@type":"ReadAction","target":["https:\/\/annettezappe.de\/aktuell\/"]}]},{"@type":"ImageObject","inLanguage":"en-US","@id":"https:\/\/annettezappe.de\/aktuell\/#primaryimage","url":"https:\/\/annettezappe.de\/wp-content\/uploads\/Brocken_Plakat-212x300.jpg","contentUrl":"https:\/\/annettezappe.de\/wp-content\/uploads\/Brocken_Plakat-212x300.jpg"},{"@type":"BreadcrumbList","@id":"https:\/\/annettezappe.de\/aktuell\/#breadcrumb","itemListElement":[{"@type":"ListItem","position":1,"name":"Home","item":"https:\/\/annettezappe.de\/"},{"@type":"ListItem","position":2,"name":"Ausstellungen"}]},{"@type":"WebSite","@id":"https:\/\/annettezappe.de\/#website","url":"https:\/\/annettezappe.de\/","name":"Annette Zappe","description":"","potentialAction":[{"@type":"SearchAction","target":{"@type":"EntryPoint","urlTemplate":"https:\/\/annettezappe.de\/?s={search_term_string}"},"query-input":{"@type":"PropertyValueSpecification","valueRequired":true,"valueName":"search_term_string"}}],"inLanguage":"en-US"}]}},"_links":{"self":[{"href":"https:\/\/annettezappe.de\/en\/wp-json\/wp\/v2\/pages\/12","targetHints":{"allow":["GET"]}}],"collection":[{"href":"https:\/\/annettezappe.de\/en\/wp-json\/wp\/v2\/pages"}],"about":[{"href":"https:\/\/annettezappe.de\/en\/wp-json\/wp\/v2\/types\/page"}],"author":[{"embeddable":true,"href":"https:\/\/annettezappe.de\/en\/wp-json\/wp\/v2\/users\/1"}],"replies":[{"embeddable":true,"href":"https:\/\/annettezappe.de\/en\/wp-json\/wp\/v2\/comments?post=12"}],"version-history":[{"count":61,"href":"https:\/\/annettezappe.de\/en\/wp-json\/wp\/v2\/pages\/12\/revisions"}],"predecessor-version":[{"id":3411,"href":"https:\/\/annettezappe.de\/en\/wp-json\/wp\/v2\/pages\/12\/revisions\/3411"}],"wp:attachment":[{"href":"https:\/\/annettezappe.de\/en\/wp-json\/wp\/v2\/media?parent=12"}],"curies":[{"name":"wp","href":"https:\/\/api.w.org\/{rel}","templated":true}]}}